{"id":46,"date":"2018-08-05T19:10:01","date_gmt":"2018-08-05T17:10:01","guid":{"rendered":"http:\/\/www.rhj-institut.de\/rhj\/?page_id=46"},"modified":"2018-09-26T09:17:05","modified_gmt":"2018-09-26T07:17:05","slug":"impressum","status":"publish","type":"page","link":"https:\/\/rhj-institut.de\/rhj\/impressum\/","title":{"rendered":"IMPRESSUM"},"content":{"rendered":"\n<style type=\"text\/css\" data-created_by=\"avia_inline_auto\" id=\"style-css-av-pg32-370b111553ef442a581b3ccb36ac6b90\">\n.flex_column.av-pg32-370b111553ef442a581b3ccb36ac6b90{\nborder-radius:0px 0px 0px 0px;\npadding:0px 0px 0px 0px;\n}\n<\/style>\n<div  class='flex_column av-pg32-370b111553ef442a581b3ccb36ac6b90 av_three_fourth  avia-builder-el-0  avia-builder-el-no-sibling  first flex_column_div av-zero-column-padding  '     ><section  class='av_textblock_section av-jlp6z3uy-04d0677716cc867579de5b9af0cefba6 '   itemscope=\"itemscope\" itemtype=\"https:\/\/schema.org\/CreativeWork\" ><div class='avia_textblock'  itemprop=\"text\" ><h4>rhj Institut<\/h4>\n<p>Prof. Dr. R\u00fcdiger H. Jung<\/p>\n<p>Im R\u00f6merkastell 2<br \/>\n56567 Neuwied<\/p>\n<p>beratung@rhj-institut.de<\/p>\n<section class=\"av_textblock_section \">\n<div class=\"avia_textblock \">\n<p>USt. ID-Nr.: DE148748194<\/p>\n<div  class='hr av-tdae-43a0e719653fd2431b1689c913fa0338 hr-default  avia-builder-el-2  avia-builder-el-no-sibling '><span class='hr-inner '><span class=\"hr-inner-style\"><\/span><\/span><\/div>\n<p>Fotos: <a href=\"https:\/\/business-view-neuwied.de\" target=\"_blank\" rel=\"noopener\">R\u00fcdiger Bartz<\/a><br \/>\nTechnische Umsetzung: <a href=\"https:\/\/grafik-service.de\" target=\"_blank\" rel=\"noopener\">Grafik-Service Bitterling<\/a><\/p>\n<\/div>\n<\/section>\n<section class=\"av_textblock_section \">\n<div class=\"avia_textblock \">\n<p><strong>Haftung f\u00fcr Links<\/strong><\/p>\n<p>Unser Angebot enth\u00e4lt Links zu externen Webseiten Dritter, auf deren Inhalte wir keinen Einfluss haben. Deshalb k\u00f6nnen wir f\u00fcr diese fremden Inhalte auch keine Gew\u00e4hr \u00fcbernehmen. F\u00fcr die Inhalte der verlinkten Seiten ist stets der jeweilige Anbieter oder Betreiber der Seiten verantwortlich. Die verlinkten Seiten wurden zum Zeitpunkt der Verlinkung auf m\u00f6gliche Rechtsverst\u00f6\u00dfe \u00fcberpr\u00fcft. Rechtswidrige Inhalte waren zum Zeitpunkt der Verlinkung nicht erkennbar. Eine permanente inhaltliche Kontrolle der verlinkten Seiten ist jedoch ohne konkrete Anhaltspunkte einer Rechtsverletzung nicht zumutbar. Bei Bekanntwerden von Rechtsverletzungen werden wir derartige Links umgehend entfernen.<\/p>\n<p><strong>Urheberrecht<\/strong><\/p>\n<p>Die durch die Seitenbetreiber erstellten Inhalte und Werke auf diesen Seiten unterliegen dem deutschen Urheberrecht. Die Vervielf\u00e4ltigung, Bearbeitung, Verbreitung und jede Art der Verwertung au\u00dferhalb der Grenzen des Urheberrechtes bed\u00fcrfen der schriftlichen Zustimmung des jeweiligen Autors bzw. Erstellers. Downloads und Kopien dieser Seite sind nur f\u00fcr den privaten, nicht kommerziellen Gebrauch gestattet. Soweit die Inhalte auf dieser Seite nicht vom Betreiber erstellt wurden, werden die Urheberrechte Dritter beachtet. Insbesondere werden Inhalte Dritter als solche gekennzeichnet. Sollten Sie trotzdem auf eine Urheberrechtsverletzung aufmerksam werden, bitten wir um einen entsprechenden Hinweis.<br \/>\nBei Bekanntwerden von Rechtsverletzungen werden wir derartige Inhalte umgehend entfernen.<\/p>\n<\/div>\n<\/section>\n<\/div><\/section><\/div>\n","protected":false},"excerpt":{"rendered":"","protected":false},"author":1,"featured_media":0,"parent":0,"menu_order":0,"comment_status":"closed","ping_status":"closed","template":"","meta":{"footnotes":""},"class_list":["post-46","page","type-page","status-publish","hentry"],"yoast_head":"<!-- This site is optimized with the Yoast SEO plugin v27.1.1 - https:\/\/yoast.com\/product\/yoast-seo-wordpress\/ -->\n<title>IMPRESSUM - rhj-Institut<\/title>\n<meta name=\"robots\" content=\"index, follow, max-snippet:-1, max-image-preview:large, max-video-preview:-1\" \/>\n<link rel=\"canonical\" href=\"https:\/\/rhj-institut.de\/rhj\/impressum\/\" \/>\n<meta property=\"og:locale\" content=\"de_DE\" \/>\n<meta property=\"og:type\" content=\"article\" \/>\n<meta property=\"og:title\" content=\"IMPRESSUM - rhj-Institut\" \/>\n<meta property=\"og:url\" content=\"https:\/\/rhj-institut.de\/rhj\/impressum\/\" \/>\n<meta property=\"og:site_name\" content=\"rhj-Institut\" \/>\n<meta property=\"article:modified_time\" content=\"2018-09-26T07:17:05+00:00\" \/>\n<meta name=\"twitter:card\" content=\"summary_large_image\" \/>\n<meta name=\"twitter:label1\" content=\"Gesch\u00e4tzte Lesezeit\" \/>\n\t<meta name=\"twitter:data1\" content=\"2\u00a0Minuten\" \/>\n<script type=\"application\/ld+json\" class=\"yoast-schema-graph\">{\"@context\":\"https:\/\/schema.org\",\"@graph\":[{\"@type\":\"WebPage\",\"@id\":\"https:\/\/rhj-institut.de\/rhj\/impressum\/\",\"url\":\"https:\/\/rhj-institut.de\/rhj\/impressum\/\",\"name\":\"IMPRESSUM - rhj-Institut\",\"isPartOf\":{\"@id\":\"https:\/\/rhj-institut.de\/rhj\/#website\"},\"datePublished\":\"2018-08-05T17:10:01+00:00\",\"dateModified\":\"2018-09-26T07:17:05+00:00\",\"breadcrumb\":{\"@id\":\"https:\/\/rhj-institut.de\/rhj\/impressum\/#breadcrumb\"},\"inLanguage\":\"de\",\"potentialAction\":[{\"@type\":\"ReadAction\",\"target\":[\"https:\/\/rhj-institut.de\/rhj\/impressum\/\"]}]},{\"@type\":\"BreadcrumbList\",\"@id\":\"https:\/\/rhj-institut.de\/rhj\/impressum\/#breadcrumb\",\"itemListElement\":[{\"@type\":\"ListItem\",\"position\":1,\"name\":\"Startseite\",\"item\":\"https:\/\/rhj-institut.de\/rhj\/home\/\"},{\"@type\":\"ListItem\",\"position\":2,\"name\":\"IMPRESSUM\"}]},{\"@type\":\"WebSite\",\"@id\":\"https:\/\/rhj-institut.de\/rhj\/#website\",\"url\":\"https:\/\/rhj-institut.de\/rhj\/\",\"name\":\"rhj-Institut\",\"description\":\"Managementberatung - Organisationsentwicklung - F\u00fchrungskr\u00e4fteentwicklung - Logotherapie und Existenzanalyse\",\"potentialAction\":[{\"@type\":\"SearchAction\",\"target\":{\"@type\":\"EntryPoint\",\"urlTemplate\":\"https:\/\/rhj-institut.de\/rhj\/?s={search_term_string}\"},\"query-input\":{\"@type\":\"PropertyValueSpecification\",\"valueRequired\":true,\"valueName\":\"search_term_string\"}}],\"inLanguage\":\"de\"}]}<\/script>\n<!-- \/ Yoast SEO plugin. -->","yoast_head_json":{"title":"IMPRESSUM - rhj-Institut","robots":{"index":"index","follow":"follow","max-snippet":"max-snippet:-1","max-image-preview":"max-image-preview:large","max-video-preview":"max-video-preview:-1"},"canonical":"https:\/\/rhj-institut.de\/rhj\/impressum\/","og_locale":"de_DE","og_type":"article","og_title":"IMPRESSUM - rhj-Institut","og_url":"https:\/\/rhj-institut.de\/rhj\/impressum\/","og_site_name":"rhj-Institut","article_modified_time":"2018-09-26T07:17:05+00:00","twitter_card":"summary_large_image","twitter_misc":{"Gesch\u00e4tzte Lesezeit":"2\u00a0Minuten"},"schema":{"@context":"https:\/\/schema.org","@graph":[{"@type":"WebPage","@id":"https:\/\/rhj-institut.de\/rhj\/impressum\/","url":"https:\/\/rhj-institut.de\/rhj\/impressum\/","name":"IMPRESSUM - rhj-Institut","isPartOf":{"@id":"https:\/\/rhj-institut.de\/rhj\/#website"},"datePublished":"2018-08-05T17:10:01+00:00","dateModified":"2018-09-26T07:17:05+00:00","breadcrumb":{"@id":"https:\/\/rhj-institut.de\/rhj\/impressum\/#breadcrumb"},"inLanguage":"de","potentialAction":[{"@type":"ReadAction","target":["https:\/\/rhj-institut.de\/rhj\/impressum\/"]}]},{"@type":"BreadcrumbList","@id":"https:\/\/rhj-institut.de\/rhj\/impressum\/#breadcrumb","itemListElement":[{"@type":"ListItem","position":1,"name":"Startseite","item":"https:\/\/rhj-institut.de\/rhj\/home\/"},{"@type":"ListItem","position":2,"name":"IMPRESSUM"}]},{"@type":"WebSite","@id":"https:\/\/rhj-institut.de\/rhj\/#website","url":"https:\/\/rhj-institut.de\/rhj\/","name":"rhj-Institut","description":"Managementberatung - Organisationsentwicklung - F\u00fchrungskr\u00e4fteentwicklung - Logotherapie und Existenzanalyse","potentialAction":[{"@type":"SearchAction","target":{"@type":"EntryPoint","urlTemplate":"https:\/\/rhj-institut.de\/rhj\/?s={search_term_string}"},"query-input":{"@type":"PropertyValueSpecification","valueRequired":true,"valueName":"search_term_string"}}],"inLanguage":"de"}]}},"_links":{"self":[{"href":"https:\/\/rhj-institut.de\/rhj\/wp-json\/wp\/v2\/pages\/46","targetHints":{"allow":["GET"]}}],"collection":[{"href":"https:\/\/rhj-institut.de\/rhj\/wp-json\/wp\/v2\/pages"}],"about":[{"href":"https:\/\/rhj-institut.de\/rhj\/wp-json\/wp\/v2\/types\/page"}],"author":[{"embeddable":true,"href":"https:\/\/rhj-institut.de\/rhj\/wp-json\/wp\/v2\/users\/1"}],"replies":[{"embeddable":true,"href":"https:\/\/rhj-institut.de\/rhj\/wp-json\/wp\/v2\/comments?post=46"}],"version-history":[{"count":10,"href":"https:\/\/rhj-institut.de\/rhj\/wp-json\/wp\/v2\/pages\/46\/revisions"}],"predecessor-version":[{"id":223,"href":"https:\/\/rhj-institut.de\/rhj\/wp-json\/wp\/v2\/pages\/46\/revisions\/223"}],"wp:attachment":[{"href":"https:\/\/rhj-institut.de\/rhj\/wp-json\/wp\/v2\/media?parent=46"}],"curies":[{"name":"wp","href":"https:\/\/api.w.org\/{rel}","templated":true}]}}