{"id":22,"date":"2018-08-05T10:52:06","date_gmt":"2018-08-05T08:52:06","guid":{"rendered":"http:\/\/www.rhj-institut.de\/rhj\/?page_id=22"},"modified":"2025-11-17T09:32:03","modified_gmt":"2025-11-17T08:32:03","slug":"das-team","status":"publish","type":"page","link":"https:\/\/rhj-institut.de\/rhj\/das-team\/","title":{"rendered":"DIE PERSONEN"},"content":{"rendered":"\n<style type=\"text\/css\" data-created_by=\"avia_inline_auto\" id=\"style-css-av-1a2qi-e832faae6f16d0df151e09ca2b35a692\">\n.flex_column.av-1a2qi-e832faae6f16d0df151e09ca2b35a692{\nborder-radius:0px 0px 0px 0px;\npadding:0px 0px 0px 0px;\n}\n<\/style>\n<div  class='flex_column av-1a2qi-e832faae6f16d0df151e09ca2b35a692 av_one_half  avia-builder-el-0  el_before_av_one_half  avia-builder-el-first  first flex_column_div av-animated-generic bottom-to-top av-zero-column-padding  '     ><style type=\"text\/css\" data-created_by=\"avia_inline_auto\" id=\"style-css-av-jki8ct5j-f9fbe1f23f0e44b7b7d3f1703d9727e6\">\n#top #wrap_all .avia-team-member.av-jki8ct5j-f9fbe1f23f0e44b7b7d3f1703d9727e6 .team-member-name{\nfont-size:15px;\n}\n<\/style>\n<section  class='avia-team-member av-jki8ct5j-f9fbe1f23f0e44b7b7d3f1703d9727e6  avia-builder-el-1  avia-builder-el-no-sibling '  itemscope=\"itemscope\" itemtype=\"https:\/\/schema.org\/Person\" ><div class=\"team-img-container\"><img decoding=\"async\" fetchpriority=\"high\" class='wp-image-276 avia-img-lazy-loading-not-276 avia_image avia_image_team' src=\"https:\/\/rhj-institut.de\/rhj\/wp-content\/uploads\/2018\/10\/DSC_3478.jpg\" alt='Prof. Dr. R\u00fcdiger H. Jung'  itemprop=\"image\"   height=\"716\" width=\"1000\" srcset=\"https:\/\/rhj-institut.de\/rhj\/wp-content\/uploads\/2018\/10\/DSC_3478.jpg 1000w, https:\/\/rhj-institut.de\/rhj\/wp-content\/uploads\/2018\/10\/DSC_3478-300x215.jpg 300w, https:\/\/rhj-institut.de\/rhj\/wp-content\/uploads\/2018\/10\/DSC_3478-768x550.jpg 768w, https:\/\/rhj-institut.de\/rhj\/wp-content\/uploads\/2018\/10\/DSC_3478-260x185.jpg 260w, https:\/\/rhj-institut.de\/rhj\/wp-content\/uploads\/2018\/10\/DSC_3478-705x505.jpg 705w, https:\/\/rhj-institut.de\/rhj\/wp-content\/uploads\/2018\/10\/DSC_3478-450x322.jpg 450w\" sizes=\"(max-width: 1000px) 100vw, 1000px\" \/><\/div><h3 class='team-member-name '  itemprop=\"name\" >Prof. Dr. R\u00fcdiger H. Jung<\/h3><div class='team-member-job-title '  itemprop=\"jobTitle\" >Gr\u00fcnder des rhj-Instituts<\/div><span class='hidden team-member-affiliation'  itemprop=\"affiliation\" >rhj-Institut<\/span><\/section><\/div>\n\n<style type=\"text\/css\" data-created_by=\"avia_inline_auto\" id=\"style-css-av-44ea-a386e3359a985110dd4da478f6d4dfa3\">\n.flex_column.av-44ea-a386e3359a985110dd4da478f6d4dfa3{\nborder-radius:0px 0px 0px 0px;\npadding:0px 0px 0px 0px;\n}\n<\/style>\n<div  class='flex_column av-44ea-a386e3359a985110dd4da478f6d4dfa3 av_one_half  avia-builder-el-2  el_after_av_one_half  el_before_av_hr  flex_column_div av-animated-generic bottom-to-top av-zero-column-padding  '     ><section  class='av_textblock_section av-jm7tm49e-b8ecbe9a711ec17c7b910e4ad8e477df '   itemscope=\"itemscope\" itemtype=\"https:\/\/schema.org\/CreativeWork\" ><div class='avia_textblock'  itemprop=\"text\" ><ul>\n<li>Hochschul-Professor f\u00fcr F\u00fchrung und Organisationsentwicklung<\/li>\n<li>ausgebildet in Logotherapie und Existenzanalyse (DGLE)<\/li>\n<li>arbeitet gern mit Menschen in schwierigen Entscheidungssituationen<\/li>\n<li>verantwortet die Konzeption der Institutsarbeit<\/li>\n<li>geht mit Top-Managern ebenso gern in Entwicklungsprozesse wie mit F\u00fchrungsnachwuchskr\u00e4ften<\/li>\n<li>wei\u00df um das Problem, dass Top-Fachkr\u00e4fte ihrer F\u00fchrungsarbeit manchmal nicht denselben\u00a0<span style=\"line-height: 1.5;\">Stellenwert wie ihrer Facharbeit geben<\/span><\/li>\n<li><span style=\"line-height: 1.5;\">hat Freude am Grenzg\u00e4ngertum zwischen Wissenschaft und Praxis<\/span><\/li>\n<\/ul>\n<p class=\"p1\"><strong>\u201eDie Freiheit der Person ist Freiheit vom Sosein und Freiheit zum Anders-werden.\u201c<\/strong><span class=\"s1\"><br \/>\n<\/span>(Viktor E. Frankl)<\/p>\n<\/div><\/section><\/div>\n\n<style type=\"text\/css\" data-created_by=\"avia_inline_auto\" id=\"style-css-av-kh32v2qd-65caff36b0d6ca64f275b2f5bf7db09c\">\n#top .hr.hr-invisible.av-kh32v2qd-65caff36b0d6ca64f275b2f5bf7db09c{\nheight:30px;\n}\n<\/style>\n<div  class='hr av-kh32v2qd-65caff36b0d6ca64f275b2f5bf7db09c hr-invisible  avia-builder-el-4  el_after_av_one_half  el_before_av_textblock '><span class='hr-inner '><span class=\"hr-inner-style\"><\/span><\/span><\/div>\n<section  class='av_textblock_section av-jlhthy9x-68a91a9e414939fcb2d03ae917bac484 '   itemscope=\"itemscope\" itemtype=\"https:\/\/schema.org\/CreativeWork\" ><div class='avia_textblock'  itemprop=\"text\" ><h4 class=\"p1\">Wir arbeiten in einem zuverl\u00e4ssigen Netzwerk qualifizierter Partner mit komplement\u00e4ren Kompetenzen.<\/h4>\n<\/div><\/section>\n\n<style type=\"text\/css\" data-created_by=\"avia_inline_auto\" id=\"style-css-av-1xb2u-34e94bae7506e32e13759e9f0cb2908a\">\n#top .flex_column.av-1xb2u-34e94bae7506e32e13759e9f0cb2908a{\nmargin-top:15px;\nmargin-bottom:15px;\n}\n.flex_column.av-1xb2u-34e94bae7506e32e13759e9f0cb2908a{\nborder-radius:0px 0px 0px 0px;\npadding:0px 0px 0px 0px;\n}\n.responsive #top #wrap_all .flex_column.av-1xb2u-34e94bae7506e32e13759e9f0cb2908a{\nmargin-top:15px;\nmargin-bottom:15px;\n}\n<\/style>\n<div  class='flex_column av-1xb2u-34e94bae7506e32e13759e9f0cb2908a av_one_fourth  avia-builder-el-6  el_after_av_textblock  el_before_av_one_fourth  first flex_column_div av-animated-generic bottom-to-top av-zero-column-padding  column-top-margin'     ><p>\n<style type=\"text\/css\" data-created_by=\"avia_inline_auto\" id=\"style-css-av-jmvq4esl-cabb2426abc4c1ccdae3738de0014d82\">\n#top #wrap_all .avia-team-member.av-jmvq4esl-cabb2426abc4c1ccdae3738de0014d82 .team-member-name{\nfont-size:15px;\n}\n.avia-team-member.av-jmvq4esl-cabb2426abc4c1ccdae3738de0014d82 .team-member-job-title{\nfont-size:12px;\n}\n<\/style>\n<section  class='avia-team-member av-jmvq4esl-cabb2426abc4c1ccdae3738de0014d82  avia-builder-el-7  el_before_av_textblock  avia-builder-el-first '  itemscope=\"itemscope\" itemtype=\"https:\/\/schema.org\/Person\" ><div class=\"team-img-container\"><img decoding=\"async\" fetchpriority=\"high\" class='wp-image-237 avia-img-lazy-loading-not-237 avia_image avia_image_team av-team-img-original' src=\"https:\/\/rhj-institut.de\/rhj\/wp-content\/uploads\/2018\/10\/bw-210.jpg\" alt='Boris Weber'  itemprop=\"image\"   height=\"379\" width=\"300\" srcset=\"https:\/\/rhj-institut.de\/rhj\/wp-content\/uploads\/2018\/10\/bw-210.jpg 300w, https:\/\/rhj-institut.de\/rhj\/wp-content\/uploads\/2018\/10\/bw-210-237x300.jpg 237w\" sizes=\"(max-width: 300px) 100vw, 300px\" \/><\/div><h3 class='team-member-name '  itemprop=\"name\" >Boris Weber<\/h3><div class='team-member-job-title '  itemprop=\"jobTitle\" >Schauspieler\/Regisseur, Freie B\u00fchne Neuwied<\/div><span class='hidden team-member-affiliation'  itemprop=\"affiliation\" >rhj-Institut<\/span><\/section><br \/>\n\n<style type=\"text\/css\" data-created_by=\"avia_inline_auto\" id=\"style-css-av-jmuf6x1f-0555ce575398ad6a62a814a064c9c499\">\n#top .av_textblock_section.av-jmuf6x1f-0555ce575398ad6a62a814a064c9c499 .avia_textblock{\nfont-size:12px;\n}\n<\/style>\n<section  class='av_textblock_section av-jmuf6x1f-0555ce575398ad6a62a814a064c9c499 '   itemscope=\"itemscope\" itemtype=\"https:\/\/schema.org\/CreativeWork\" ><div class='avia_textblock'  itemprop=\"text\" ><blockquote>\n<p>professioneller Rollenspieler f\u00fcr unsere Intensiv-Trainings<\/p>\n<\/blockquote>\n<\/div><\/section><\/p><\/div>\n\n<style type=\"text\/css\" data-created_by=\"avia_inline_auto\" id=\"style-css-av-1xb2u-6-fb5f89f5ccd28ad60cbe4be94b56fc57\">\n#top .flex_column.av-1xb2u-6-fb5f89f5ccd28ad60cbe4be94b56fc57{\nmargin-top:15px;\nmargin-bottom:15px;\n}\n.flex_column.av-1xb2u-6-fb5f89f5ccd28ad60cbe4be94b56fc57{\nborder-radius:0px 0px 0px 0px;\npadding:0px 0px 0px 0px;\n}\n.responsive #top #wrap_all .flex_column.av-1xb2u-6-fb5f89f5ccd28ad60cbe4be94b56fc57{\nmargin-top:15px;\nmargin-bottom:15px;\n}\n<\/style>\n<div  class='flex_column av-1xb2u-6-fb5f89f5ccd28ad60cbe4be94b56fc57 av_one_fourth  avia-builder-el-9  el_after_av_one_fourth  el_before_av_one_fourth  flex_column_div av-animated-generic bottom-to-top av-zero-column-padding  column-top-margin'     ><p>\n<style type=\"text\/css\" data-created_by=\"avia_inline_auto\" id=\"style-css-av-jmvq4esl-5-8d91e191ac78ff46f8bec72d336b4906\">\n#top #wrap_all .avia-team-member.av-jmvq4esl-5-8d91e191ac78ff46f8bec72d336b4906 .team-member-name{\nfont-size:15px;\n}\n.avia-team-member.av-jmvq4esl-5-8d91e191ac78ff46f8bec72d336b4906 .team-member-job-title{\nfont-size:12px;\n}\n<\/style>\n<section  class='avia-team-member av-jmvq4esl-5-8d91e191ac78ff46f8bec72d336b4906  avia-builder-el-10  el_before_av_textblock  avia-builder-el-first '  itemscope=\"itemscope\" itemtype=\"https:\/\/schema.org\/Person\" ><div class=\"team-img-container\"><img decoding=\"async\" fetchpriority=\"high\" class='wp-image-392 avia-img-lazy-loading-not-392 avia_image avia_image_team' src=\"https:\/\/rhj-institut.de\/rhj\/wp-content\/uploads\/2020\/11\/kirsten-seerig.jpg\" alt='Kirsten Seerig'  itemprop=\"image\"   height=\"253\" width=\"200\" \/><\/div><h3 class='team-member-name '  itemprop=\"name\" >Kirsten Seerig<\/h3><div class='team-member-job-title '  itemprop=\"jobTitle\" >Betriebswirtin (M.A.)<\/div><span class='hidden team-member-affiliation'  itemprop=\"affiliation\" >rhj-Institut<\/span><\/section><br \/>\n\n<style type=\"text\/css\" data-created_by=\"avia_inline_auto\" id=\"style-css-av-jmuf6x1f-4-fbbebabf57f34ffdca7e124fe8b8f2d3\">\n#top .av_textblock_section.av-jmuf6x1f-4-fbbebabf57f34ffdca7e124fe8b8f2d3 .avia_textblock{\nfont-size:12px;\n}\n<\/style>\n<section  class='av_textblock_section av-jmuf6x1f-4-fbbebabf57f34ffdca7e124fe8b8f2d3 '   itemscope=\"itemscope\" itemtype=\"https:\/\/schema.org\/CreativeWork\" ><div class='avia_textblock'  itemprop=\"text\" ><blockquote>\n<p>f\u00fcr die Aufbereitung der Daten<br \/>\naus unseren\u00a0Team-\/<br \/>\nOrganisationsanalysen<\/p>\n<\/blockquote>\n<\/div><\/section><\/p><\/div>\n<style type=\"text\/css\" data-created_by=\"avia_inline_auto\" id=\"style-css-av-1efu2-4f5a51b5f51b55e6a4a8510ae125e5bd\">\n#top .flex_column.av-1efu2-4f5a51b5f51b55e6a4a8510ae125e5bd{\nmargin-top:15px;\nmargin-bottom:15px;\n}\n.flex_column.av-1efu2-4f5a51b5f51b55e6a4a8510ae125e5bd{\nborder-radius:0px 0px 0px 0px;\npadding:0px 0px 0px 0px;\n}\n.responsive #top #wrap_all .flex_column.av-1efu2-4f5a51b5f51b55e6a4a8510ae125e5bd{\nmargin-top:15px;\nmargin-bottom:15px;\n}\n<\/style>\n<div  class='flex_column av-1efu2-4f5a51b5f51b55e6a4a8510ae125e5bd av_one_fourth  avia-builder-el-12  el_after_av_one_fourth  el_before_av_one_fourth  flex_column_div av-animated-generic bottom-to-top av-zero-column-padding  column-top-margin'     ><p>\n<style type=\"text\/css\" data-created_by=\"avia_inline_auto\" id=\"style-css-av-jmvq4esl-3-e6e5e15a7c2169bfbac6ac1bcaa18f84\">\n#top #wrap_all .avia-team-member.av-jmvq4esl-3-e6e5e15a7c2169bfbac6ac1bcaa18f84 .team-member-name{\nfont-size:15px;\n}\n.avia-team-member.av-jmvq4esl-3-e6e5e15a7c2169bfbac6ac1bcaa18f84 .team-member-job-title{\nfont-size:12px;\n}\n<\/style>\n<section  class='avia-team-member av-jmvq4esl-3-e6e5e15a7c2169bfbac6ac1bcaa18f84  avia-builder-el-13  el_before_av_textblock  avia-builder-el-first '  itemscope=\"itemscope\" itemtype=\"https:\/\/schema.org\/Person\" ><div class=\"team-img-container\"><img decoding=\"async\" fetchpriority=\"high\" class='wp-image-238 avia-img-lazy-loading-not-238 avia_image avia_image_team av-team-img-original' src=\"https:\/\/rhj-institut.de\/rhj\/wp-content\/uploads\/2018\/10\/Spaleck.jpg\" alt='Dr. med. Gottfried M. Spaleck'  itemprop=\"image\"   height=\"379\" width=\"300\" srcset=\"https:\/\/rhj-institut.de\/rhj\/wp-content\/uploads\/2018\/10\/Spaleck.jpg 300w, https:\/\/rhj-institut.de\/rhj\/wp-content\/uploads\/2018\/10\/Spaleck-237x300.jpg 237w\" sizes=\"(max-width: 300px) 100vw, 300px\" \/><\/div><h3 class='team-member-name '  itemprop=\"name\" >Dr. med. Gottfried M. Spaleck<\/h3><div class='team-member-job-title '  itemprop=\"jobTitle\" >Facharzt f\u00fcr Psychotherapeutische Medizin, Neuwied<\/div><span class='hidden team-member-affiliation'  itemprop=\"affiliation\" >rhj-Institut<\/span><\/section><br \/>\n\n<style type=\"text\/css\" data-created_by=\"avia_inline_auto\" id=\"style-css-av-jmufbg1r-fe001b826a9a36b932e99ca5a885c4c3\">\n#top .av_textblock_section.av-jmufbg1r-fe001b826a9a36b932e99ca5a885c4c3 .avia_textblock{\nfont-size:12px;\n}\n<\/style>\n<section  class='av_textblock_section av-jmufbg1r-fe001b826a9a36b932e99ca5a885c4c3 '   itemscope=\"itemscope\" itemtype=\"https:\/\/schema.org\/CreativeWork\" ><div class='avia_textblock'  itemprop=\"text\" ><blockquote>\n<p class=\"p1\">psychotherapeutische fach\u00e4rztliche Privat-Praxis<\/p>\n<\/blockquote>\n<\/div><\/section><\/p><\/div><\/p>\n\n<style type=\"text\/css\" data-created_by=\"avia_inline_auto\" id=\"style-css-av-153hq-cf0dcdc547d9fa26e5d5efe505dcf42e\">\n#top .flex_column.av-153hq-cf0dcdc547d9fa26e5d5efe505dcf42e{\nmargin-top:15px;\nmargin-bottom:15px;\n}\n.flex_column.av-153hq-cf0dcdc547d9fa26e5d5efe505dcf42e{\nborder-radius:0px 0px 0px 0px;\npadding:0px 0px 0px 0px;\n}\n.responsive #top #wrap_all .flex_column.av-153hq-cf0dcdc547d9fa26e5d5efe505dcf42e{\nmargin-top:15px;\nmargin-bottom:15px;\n}\n<\/style>\n<div  class='flex_column av-153hq-cf0dcdc547d9fa26e5d5efe505dcf42e av_one_fourth  avia-builder-el-15  el_after_av_one_fourth  el_before_av_one_third  flex_column_div av-animated-generic bottom-to-top av-zero-column-padding  column-top-margin'     ><p>\n<style type=\"text\/css\" data-created_by=\"avia_inline_auto\" id=\"style-css-av-jmvq61hw-f4ff43283067aee424c5016a787b3c51\">\n#top #wrap_all .avia-team-member.av-jmvq61hw-f4ff43283067aee424c5016a787b3c51 .team-member-name{\nfont-size:15px;\n}\n.avia-team-member.av-jmvq61hw-f4ff43283067aee424c5016a787b3c51 .team-member-job-title{\nfont-size:12px;\n}\n<\/style>\n<section  class='avia-team-member av-jmvq61hw-f4ff43283067aee424c5016a787b3c51  avia-builder-el-16  el_before_av_textblock  avia-builder-el-first '  itemscope=\"itemscope\" itemtype=\"https:\/\/schema.org\/Person\" ><div class=\"team-img-container\"><img decoding=\"async\" fetchpriority=\"high\" class='wp-image-239 avia-img-lazy-loading-not-239 avia_image avia_image_team av-team-img-original' src=\"https:\/\/rhj-institut.de\/rhj\/wp-content\/uploads\/2018\/10\/Foto-Camps-Christian.jpg\" alt='Christian Camps'  itemprop=\"image\"   height=\"379\" width=\"300\" srcset=\"https:\/\/rhj-institut.de\/rhj\/wp-content\/uploads\/2018\/10\/Foto-Camps-Christian.jpg 300w, https:\/\/rhj-institut.de\/rhj\/wp-content\/uploads\/2018\/10\/Foto-Camps-Christian-237x300.jpg 237w\" sizes=\"(max-width: 300px) 100vw, 300px\" \/><\/div><h3 class='team-member-name '  itemprop=\"name\" >Christian Camps<\/h3><div class='team-member-job-title '  itemprop=\"jobTitle\" > Physiotherapie\/Training, Neuwied<\/div><span class='hidden team-member-affiliation'  itemprop=\"affiliation\" >rhj-Institut<\/span><\/section><br \/>\n\n<style type=\"text\/css\" data-created_by=\"avia_inline_auto\" id=\"style-css-av-jmufbxi6-1546ce8700391eff6d5d015a33b2a2ee\">\n#top .av_textblock_section.av-jmufbxi6-1546ce8700391eff6d5d015a33b2a2ee .avia_textblock{\nfont-size:12px;\n}\n<\/style>\n<section  class='av_textblock_section av-jmufbxi6-1546ce8700391eff6d5d015a33b2a2ee '   itemscope=\"itemscope\" itemtype=\"https:\/\/schema.org\/CreativeWork\" ><div class='avia_textblock'  itemprop=\"text\" ><blockquote>\n<p>physiotherapeutische, systemisch arbeitende Privat-Praxis<\/p>\n<\/blockquote>\n<\/div><\/section><\/p><\/div>\n\n<style type=\"text\/css\" data-created_by=\"avia_inline_auto\" id=\"style-css-av-153hq-2-ac0ff445e9b3011ed25d30473f0623a5\">\n.flex_column.av-153hq-2-ac0ff445e9b3011ed25d30473f0623a5{\nborder-radius:0px 0px 0px 0px;\npadding:0px 0px 0px 0px;\n}\n<\/style>\n<div  class='flex_column av-153hq-2-ac0ff445e9b3011ed25d30473f0623a5 av_one_third  avia-builder-el-18  el_after_av_one_fourth  avia-builder-el-last  first flex_column_div av-animated-generic bottom-to-top av-zero-column-padding  column-top-margin'     ><style type=\"text\/css\" data-created_by=\"avia_inline_auto\" id=\"style-css-av-jmwdlv15-f8b08e97e067bffe2bf2a4350af97847\">\n#top .av_textblock_section.av-jmwdlv15-f8b08e97e067bffe2bf2a4350af97847 .avia_textblock{\nfont-size:12px;\n}\n<\/style>\n<section  class='av_textblock_section av-jmwdlv15-f8b08e97e067bffe2bf2a4350af97847 '   itemscope=\"itemscope\" itemtype=\"https:\/\/schema.org\/CreativeWork\" ><div class='avia_textblock'  itemprop=\"text\" ><blockquote>\n<p class=\"p1\">Zu unserem Team geh\u00f6rt au\u00dferdem eine erfahrene <strong>Supervisorin<\/strong>.<\/p>\n<\/blockquote>\n<\/div><\/section><\/div>\n","protected":false},"excerpt":{"rendered":"","protected":false},"author":1,"featured_media":0,"parent":0,"menu_order":0,"comment_status":"closed","ping_status":"closed","template":"","meta":{"footnotes":""},"class_list":["post-22","page","type-page","status-publish","hentry"],"yoast_head":"<!-- This site is optimized with the Yoast SEO plugin v27.1.1 - https:\/\/yoast.com\/product\/yoast-seo-wordpress\/ -->\n<title>DIE PERSONEN - rhj-Institut<\/title>\n<meta name=\"description\" content=\"Prof. Dr. R\u00fcdiger H. Jung, Hochschul-Professor f\u00fcr F\u00fchrung und Organisationsentwicklung - Gr\u00fcnder des rhj-Instituts\" \/>\n<meta name=\"robots\" content=\"index, follow, max-snippet:-1, max-image-preview:large, max-video-preview:-1\" \/>\n<link rel=\"canonical\" href=\"https:\/\/rhj-institut.de\/rhj\/das-team\/\" \/>\n<meta property=\"og:locale\" content=\"de_DE\" \/>\n<meta property=\"og:type\" content=\"article\" \/>\n<meta property=\"og:title\" content=\"DIE PERSONEN - rhj-Institut\" \/>\n<meta property=\"og:description\" content=\"Prof. Dr. R\u00fcdiger H. Jung, Hochschul-Professor f\u00fcr F\u00fchrung und Organisationsentwicklung - Gr\u00fcnder des rhj-Instituts\" \/>\n<meta property=\"og:url\" content=\"https:\/\/rhj-institut.de\/rhj\/das-team\/\" \/>\n<meta property=\"og:site_name\" content=\"rhj-Institut\" \/>\n<meta property=\"article:modified_time\" content=\"2025-11-17T08:32:03+00:00\" \/>\n<meta name=\"twitter:card\" content=\"summary_large_image\" \/>\n<meta name=\"twitter:label1\" content=\"Gesch\u00e4tzte Lesezeit\" \/>\n\t<meta name=\"twitter:data1\" content=\"2\u00a0Minuten\" \/>\n<script type=\"application\/ld+json\" class=\"yoast-schema-graph\">{\"@context\":\"https:\/\/schema.org\",\"@graph\":[{\"@type\":\"WebPage\",\"@id\":\"https:\/\/rhj-institut.de\/rhj\/das-team\/\",\"url\":\"https:\/\/rhj-institut.de\/rhj\/das-team\/\",\"name\":\"DIE PERSONEN - rhj-Institut\",\"isPartOf\":{\"@id\":\"https:\/\/rhj-institut.de\/rhj\/#website\"},\"datePublished\":\"2018-08-05T08:52:06+00:00\",\"dateModified\":\"2025-11-17T08:32:03+00:00\",\"description\":\"Prof. Dr. R\u00fcdiger H. Jung, Hochschul-Professor f\u00fcr F\u00fchrung und Organisationsentwicklung - Gr\u00fcnder des rhj-Instituts\",\"breadcrumb\":{\"@id\":\"https:\/\/rhj-institut.de\/rhj\/das-team\/#breadcrumb\"},\"inLanguage\":\"de\",\"potentialAction\":[{\"@type\":\"ReadAction\",\"target\":[\"https:\/\/rhj-institut.de\/rhj\/das-team\/\"]}]},{\"@type\":\"BreadcrumbList\",\"@id\":\"https:\/\/rhj-institut.de\/rhj\/das-team\/#breadcrumb\",\"itemListElement\":[{\"@type\":\"ListItem\",\"position\":1,\"name\":\"Startseite\",\"item\":\"https:\/\/rhj-institut.de\/rhj\/home\/\"},{\"@type\":\"ListItem\",\"position\":2,\"name\":\"DIE PERSONEN\"}]},{\"@type\":\"WebSite\",\"@id\":\"https:\/\/rhj-institut.de\/rhj\/#website\",\"url\":\"https:\/\/rhj-institut.de\/rhj\/\",\"name\":\"rhj-Institut\",\"description\":\"Managementberatung - Organisationsentwicklung - F\u00fchrungskr\u00e4fteentwicklung - Logotherapie und Existenzanalyse\",\"potentialAction\":[{\"@type\":\"SearchAction\",\"target\":{\"@type\":\"EntryPoint\",\"urlTemplate\":\"https:\/\/rhj-institut.de\/rhj\/?s={search_term_string}\"},\"query-input\":{\"@type\":\"PropertyValueSpecification\",\"valueRequired\":true,\"valueName\":\"search_term_string\"}}],\"inLanguage\":\"de\"}]}<\/script>\n<!-- \/ Yoast SEO plugin. -->","yoast_head_json":{"title":"DIE PERSONEN - rhj-Institut","description":"Prof. Dr. R\u00fcdiger H. Jung, Hochschul-Professor f\u00fcr F\u00fchrung und Organisationsentwicklung - Gr\u00fcnder des rhj-Instituts","robots":{"index":"index","follow":"follow","max-snippet":"max-snippet:-1","max-image-preview":"max-image-preview:large","max-video-preview":"max-video-preview:-1"},"canonical":"https:\/\/rhj-institut.de\/rhj\/das-team\/","og_locale":"de_DE","og_type":"article","og_title":"DIE PERSONEN - rhj-Institut","og_description":"Prof. Dr. R\u00fcdiger H. Jung, Hochschul-Professor f\u00fcr F\u00fchrung und Organisationsentwicklung - Gr\u00fcnder des rhj-Instituts","og_url":"https:\/\/rhj-institut.de\/rhj\/das-team\/","og_site_name":"rhj-Institut","article_modified_time":"2025-11-17T08:32:03+00:00","twitter_card":"summary_large_image","twitter_misc":{"Gesch\u00e4tzte Lesezeit":"2\u00a0Minuten"},"schema":{"@context":"https:\/\/schema.org","@graph":[{"@type":"WebPage","@id":"https:\/\/rhj-institut.de\/rhj\/das-team\/","url":"https:\/\/rhj-institut.de\/rhj\/das-team\/","name":"DIE PERSONEN - rhj-Institut","isPartOf":{"@id":"https:\/\/rhj-institut.de\/rhj\/#website"},"datePublished":"2018-08-05T08:52:06+00:00","dateModified":"2025-11-17T08:32:03+00:00","description":"Prof. Dr. R\u00fcdiger H. Jung, Hochschul-Professor f\u00fcr F\u00fchrung und Organisationsentwicklung - Gr\u00fcnder des rhj-Instituts","breadcrumb":{"@id":"https:\/\/rhj-institut.de\/rhj\/das-team\/#breadcrumb"},"inLanguage":"de","potentialAction":[{"@type":"ReadAction","target":["https:\/\/rhj-institut.de\/rhj\/das-team\/"]}]},{"@type":"BreadcrumbList","@id":"https:\/\/rhj-institut.de\/rhj\/das-team\/#breadcrumb","itemListElement":[{"@type":"ListItem","position":1,"name":"Startseite","item":"https:\/\/rhj-institut.de\/rhj\/home\/"},{"@type":"ListItem","position":2,"name":"DIE PERSONEN"}]},{"@type":"WebSite","@id":"https:\/\/rhj-institut.de\/rhj\/#website","url":"https:\/\/rhj-institut.de\/rhj\/","name":"rhj-Institut","description":"Managementberatung - Organisationsentwicklung - F\u00fchrungskr\u00e4fteentwicklung - Logotherapie und Existenzanalyse","potentialAction":[{"@type":"SearchAction","target":{"@type":"EntryPoint","urlTemplate":"https:\/\/rhj-institut.de\/rhj\/?s={search_term_string}"},"query-input":{"@type":"PropertyValueSpecification","valueRequired":true,"valueName":"search_term_string"}}],"inLanguage":"de"}]}},"_links":{"self":[{"href":"https:\/\/rhj-institut.de\/rhj\/wp-json\/wp\/v2\/pages\/22","targetHints":{"allow":["GET"]}}],"collection":[{"href":"https:\/\/rhj-institut.de\/rhj\/wp-json\/wp\/v2\/pages"}],"about":[{"href":"https:\/\/rhj-institut.de\/rhj\/wp-json\/wp\/v2\/types\/page"}],"author":[{"embeddable":true,"href":"https:\/\/rhj-institut.de\/rhj\/wp-json\/wp\/v2\/users\/1"}],"replies":[{"embeddable":true,"href":"https:\/\/rhj-institut.de\/rhj\/wp-json\/wp\/v2\/comments?post=22"}],"version-history":[{"count":114,"href":"https:\/\/rhj-institut.de\/rhj\/wp-json\/wp\/v2\/pages\/22\/revisions"}],"predecessor-version":[{"id":728,"href":"https:\/\/rhj-institut.de\/rhj\/wp-json\/wp\/v2\/pages\/22\/revisions\/728"}],"wp:attachment":[{"href":"https:\/\/rhj-institut.de\/rhj\/wp-json\/wp\/v2\/media?parent=22"}],"curies":[{"name":"wp","href":"https:\/\/api.w.org\/{rel}","templated":true}]}}