{"id":20,"date":"2018-08-05T10:51:36","date_gmt":"2018-08-05T08:51:36","guid":{"rendered":"http:\/\/www.rhj-institut.de\/rhj\/?page_id=20"},"modified":"2025-11-17T08:54:47","modified_gmt":"2025-11-17T07:54:47","slug":"unsere-leistungen","status":"publish","type":"page","link":"https:\/\/rhj-institut.de\/rhj\/unsere-leistungen\/","title":{"rendered":"UNSERE LEISTUNGEN"},"content":{"rendered":"\n<style type=\"text\/css\" data-created_by=\"avia_inline_auto\" id=\"style-css-av-jki651p5-8a8d99c74af792dc78bcf03b13edc74c\">\n.avia-image-container.av-jki651p5-8a8d99c74af792dc78bcf03b13edc74c img.avia_image{\nbox-shadow:none;\n}\n.avia-image-container.av-jki651p5-8a8d99c74af792dc78bcf03b13edc74c .av-image-caption-overlay-center{\ncolor:#ffffff;\n}\n<\/style>\n<div  class='avia-image-container av-jki651p5-8a8d99c74af792dc78bcf03b13edc74c av-styling- avia-align-center  avia-builder-el-0  el_before_av_heading  avia-builder-el-first '   itemprop=\"image\" itemscope=\"itemscope\" itemtype=\"https:\/\/schema.org\/ImageObject\" ><div class=\"avia-image-container-inner\"><div class=\"avia-image-overlay-wrap\"><img decoding=\"async\" fetchpriority=\"high\" class='wp-image-123 avia-img-lazy-loading-not-123 avia_image ' src=\"https:\/\/rhj-institut.de\/rhj\/wp-content\/uploads\/2018\/08\/leistungen.jpg\" alt='' title='leistungen'  height=\"500\" width=\"1600\"  itemprop=\"thumbnailUrl\" srcset=\"https:\/\/rhj-institut.de\/rhj\/wp-content\/uploads\/2018\/08\/leistungen.jpg 1600w, https:\/\/rhj-institut.de\/rhj\/wp-content\/uploads\/2018\/08\/leistungen-300x94.jpg 300w, https:\/\/rhj-institut.de\/rhj\/wp-content\/uploads\/2018\/08\/leistungen-768x240.jpg 768w, https:\/\/rhj-institut.de\/rhj\/wp-content\/uploads\/2018\/08\/leistungen-1030x322.jpg 1030w, https:\/\/rhj-institut.de\/rhj\/wp-content\/uploads\/2018\/08\/leistungen-1500x469.jpg 1500w, https:\/\/rhj-institut.de\/rhj\/wp-content\/uploads\/2018\/08\/leistungen-705x220.jpg 705w, https:\/\/rhj-institut.de\/rhj\/wp-content\/uploads\/2018\/08\/leistungen-450x141.jpg 450w\" sizes=\"(max-width: 1600px) 100vw, 1600px\" \/><\/div><\/div><\/div>\n\n<style type=\"text\/css\" data-created_by=\"avia_inline_auto\" id=\"style-css-av-av_heading-e194d4c16c620c22f24ab5cc8f876da7\">\n#top .av-special-heading.av-av_heading-e194d4c16c620c22f24ab5cc8f876da7{\npadding-bottom:10px;\n}\nbody .av-special-heading.av-av_heading-e194d4c16c620c22f24ab5cc8f876da7 .av-special-heading-tag .heading-char{\nfont-size:25px;\n}\n.av-special-heading.av-av_heading-e194d4c16c620c22f24ab5cc8f876da7 .av-subheading{\nfont-size:15px;\n}\n<\/style>\n<div  class='av-special-heading av-av_heading-e194d4c16c620c22f24ab5cc8f876da7 av-special-heading-h3  avia-builder-el-1  el_after_av_image  el_before_av_four_fifth '><h3 class='av-special-heading-tag '  itemprop=\"headline\"  >Unsere Leistungen<\/h3><div class=\"special-heading-border\"><div class=\"special-heading-inner-border\"><\/div><\/div><\/div>\n\n<style type=\"text\/css\" data-created_by=\"avia_inline_auto\" id=\"style-css-av-13xz8-bfe8fc288eb69b1e5ad510f3cf789b26\">\n.flex_column.av-13xz8-bfe8fc288eb69b1e5ad510f3cf789b26{\nborder-radius:0px 0px 0px 0px;\npadding:0px 0px 0px 0px;\n}\n<\/style>\n<div  class='flex_column av-13xz8-bfe8fc288eb69b1e5ad510f3cf789b26 av_four_fifth  avia-builder-el-2  el_after_av_heading  avia-builder-el-last  first flex_column_div av-zero-column-padding  '     ><section  class='av_textblock_section av-jki53d6d-15537d17a83b0f58b06f828b13fe4e62 '   itemscope=\"itemscope\" itemtype=\"https:\/\/schema.org\/CreativeWork\" ><div class='avia_textblock'  itemprop=\"text\" ><p class=\"p1\"><strong>Uns ist nachhaltige Entwicklung wichtig.\u00a0<\/strong><strong>Deshalb gestalten wir unsere Zusammenarbeit mit Ihnen grunds\u00e4tzlich in einer Folge von<\/strong><\/p>\n<p class=\"p1\" style=\"text-align: center;\"><em><strong>Beratung &#8211; Praxis-\/Lebenserprobung &#8211; R\u00fcckmeldung und Beratung &#8211; Praxis-\/Lebenserprobung usw.<\/strong><\/em><\/p>\n<p class=\"p1\">In der Kennenlernphase f\u00fcr eine m\u00f6gliche Zusammenarbeit geht es immer auch um eine Kl\u00e4rung, welches Ziel, welche Ver\u00e4nderung oder auch welche Stabilisierung Sie mit unserer Unterst\u00fctzung erreichen m\u00f6chten. Im Laufe des gemeinsamen Weges ergeben sich dann aufgrund eines erweiterten Blicks manchmal auch ver\u00e4nderte Zielvorstellungen.<span class=\"s1\"><br \/>\n<\/span>Unsere Leistungs\u00fcbersicht soll Ihnen eine grobe Orientierung geben. Sie ist kein Angebot \u201eaus dem Regal\u201c. Wir legen Wert auf ma\u00dfgeschneiderte Leistung.<\/p>\n<\/div><\/section><br \/>\n\n<style type=\"text\/css\" data-created_by=\"avia_inline_auto\" id=\"style-css-av-av_heading-8faae45469d537641f6d7ee692ee0f1b\">\n#top .av-special-heading.av-av_heading-8faae45469d537641f6d7ee692ee0f1b{\npadding-bottom:10px;\n}\nbody .av-special-heading.av-av_heading-8faae45469d537641f6d7ee692ee0f1b .av-special-heading-tag .heading-char{\nfont-size:25px;\n}\n.av-special-heading.av-av_heading-8faae45469d537641f6d7ee692ee0f1b .av-subheading{\nfont-size:15px;\n}\n<\/style>\n<div  class='av-special-heading av-av_heading-8faae45469d537641f6d7ee692ee0f1b av-special-heading-h4  avia-builder-el-4  el_after_av_textblock  el_before_av_textblock '><h4 class='av-special-heading-tag '  itemprop=\"headline\"  >Personale Entwicklung in herausfordernden Lebenssituationen<\/h4><div class=\"special-heading-border\"><div class=\"special-heading-inner-border\"><\/div><\/div><\/div><br \/>\n<section  class='av_textblock_section av-jki53wj3-57c5ad548c864485a317eb11b2d12eeb '   itemscope=\"itemscope\" itemtype=\"https:\/\/schema.org\/CreativeWork\" ><div class='avia_textblock'  itemprop=\"text\" ><p class=\"p3\">Sie kl\u00e4ren in Einzelgespr\u00e4chen mit uns Ihre aktuelle Situation, die darin liegenden M\u00f6glichkeiten und Schwierigkeiten sowie ihre vorhandenen Ressourcen f\u00fcr einen guten, entwicklungsorientierten Umgang mit dieser Situation. Wir besprechen, wie Sie Ihre Ressourcen einsetzen und mit m\u00f6glichen Hindernissen umgehen wollen.<\/p>\n<\/div><\/section><br \/>\n\n<style type=\"text\/css\" data-created_by=\"avia_inline_auto\" id=\"style-css-av-av_heading-248504ed140a1e2abb97ee659a12f7a0\">\n#top .av-special-heading.av-av_heading-248504ed140a1e2abb97ee659a12f7a0{\npadding-bottom:10px;\n}\nbody .av-special-heading.av-av_heading-248504ed140a1e2abb97ee659a12f7a0 .av-special-heading-tag .heading-char{\nfont-size:25px;\n}\n.av-special-heading.av-av_heading-248504ed140a1e2abb97ee659a12f7a0 .av-subheading{\nfont-size:15px;\n}\n<\/style>\n<div  class='av-special-heading av-av_heading-248504ed140a1e2abb97ee659a12f7a0 av-special-heading-h4  avia-builder-el-6  el_after_av_textblock  el_before_av_textblock '><h4 class='av-special-heading-tag '  itemprop=\"headline\"  >F\u00fchrungskr\u00e4fteentwicklung<\/h4><div class=\"special-heading-border\"><div class=\"special-heading-inner-border\"><\/div><\/div><\/div><br \/>\n<section  class='av_textblock_section av-jki54h8e-196d2d7015c70deeb99a8f05de607d8b '   itemscope=\"itemscope\" itemtype=\"https:\/\/schema.org\/CreativeWork\" ><div class='avia_textblock'  itemprop=\"text\" ><p class=\"p3\">F\u00fcr die Professionalit\u00e4t unserer Beratung ist unerheblich, ob Sie als Top Manager an der Spitze eine Organisation stehen oder einen guten Einstieg in Ihre erste F\u00fchrungsposition finden m\u00f6chten. Selbstverst\u00e4ndlich unterscheiden sich die Themen und die Art und Weise, wie wir diese mit Ihnen bearbeiten.<\/p>\n<h6 class=\"p5\">Einzel-Coaching<\/h6>\n<p class=\"p5\">Wir widmen uns Ihrem Anliegen in Einzelgespr\u00e4chen, die wir nach Bedarf um ganzt\u00e4gige Intensiv-Trainings erg\u00e4nzen. Soweit Sie Erfahrungen aus anderen F\u00fchrungsseminaren mitbringen, arbeiten wir mit Ihnen an deren Transfer in Ihre F\u00fchrungspraxis.<\/p>\n<h6 class=\"p5\">F\u00fchrungskompetenz-Entwicklungsprogramme<\/h6>\n<p class=\"p5\">(Gruppenseminare + Einzel-Coaching)<\/p>\n<p class=\"p5\">Die Kombination von Seminaren mit individueller Entwicklungsberatung hat im Vergleich zu blo\u00dfen Seminaren eine signifikant h\u00f6here Chance auf gelingenden Transfer in Ihre F\u00fchrungspraxis. Daraus haben wir bereits vor \u00fcber f\u00fcnfzehn Jahren integrierte Programme f\u00fcr F\u00fchrungskr\u00e4fte entwickelt.<\/p>\n<\/div><\/section><br \/>\n\n<style type=\"text\/css\" data-created_by=\"avia_inline_auto\" id=\"style-css-av-av_heading-5209d4dd2e7e09a077ab0c67a34cb795\">\n#top .av-special-heading.av-av_heading-5209d4dd2e7e09a077ab0c67a34cb795{\npadding-bottom:20px;\n}\nbody .av-special-heading.av-av_heading-5209d4dd2e7e09a077ab0c67a34cb795 .av-special-heading-tag .heading-char{\nfont-size:25px;\n}\n.av-special-heading.av-av_heading-5209d4dd2e7e09a077ab0c67a34cb795 .av-subheading{\nfont-size:15px;\n}\n<\/style>\n<div  class='av-special-heading av-av_heading-5209d4dd2e7e09a077ab0c67a34cb795 av-special-heading-h4  avia-builder-el-8  el_after_av_textblock  el_before_av_textblock '><h4 class='av-special-heading-tag '  itemprop=\"headline\"  >Entwicklungs-Werkstatt<\/h4><div class=\"special-heading-border\"><div class=\"special-heading-inner-border\"><\/div><\/div><\/div><br \/>\n<section  class='av_textblock_section av-jki55l8o-6a63f9b94cebc3bbeb31a489345bf2d4 '   itemscope=\"itemscope\" itemtype=\"https:\/\/schema.org\/CreativeWork\" ><div class='avia_textblock'  itemprop=\"text\" ><h6 class=\"p3\">Teamentwicklung und Organisationsentwicklung<\/h6>\n<p class=\"p1\">Wir gehen mit Gruppen\/Teams oder gr\u00f6\u00dferen Organisationseinheiten in einen Entwicklungsprozess von der Analyse der aktuellen Situation bis hin zur Festigung gemeinsam erarbeiteter Verbesserungen. Wir achten auf die Beteiligung der Betroffenen und einen Gleichklang von personaler und struktureller Entwicklung.<\/p>\n<h6 class=\"p5\">Vernetztes Denken<\/h6>\n<p class=\"p5\">F\u00fcr konkrete Themen aus Ihrer Organisation, insbesondere strategische Fragestellungen, entwickeln wir in Gruppenarbeit Modelle vernetzter Zusammenh\u00e4nge und f\u00f6rdern dabei durch \u201elearning by doing\u201c die F\u00e4higkeit zum systemisch-vernetzten Denken.<\/p>\n<h6 class=\"p1\">Analysen der F\u00fchrungs- und Kooperationssituation in Gruppen, Teams, Abteilungen<\/h6>\n<p class=\"p3\">Wir erstellen f\u00fcr Sie interviewgest\u00fctzte Analysen der aktuellen F\u00fchrungs- und Kooperationssituation in Teileinheiten Ihrer Organisation und er\u00f6rtern mit Ihnen Verbesserungsm\u00f6glichkeiten.<\/p>\n<\/div><\/section><br \/>\n\n<style type=\"text\/css\" data-created_by=\"avia_inline_auto\" id=\"style-css-av-av_heading-10c88e95016c0d54bef97e733bbab247\">\n#top .av-special-heading.av-av_heading-10c88e95016c0d54bef97e733bbab247{\npadding-bottom:10px;\n}\nbody .av-special-heading.av-av_heading-10c88e95016c0d54bef97e733bbab247 .av-special-heading-tag .heading-char{\nfont-size:25px;\n}\n.av-special-heading.av-av_heading-10c88e95016c0d54bef97e733bbab247 .av-subheading{\nfont-size:15px;\n}\n<\/style>\n<div  class='av-special-heading av-av_heading-10c88e95016c0d54bef97e733bbab247 av-special-heading-h4  avia-builder-el-10  el_after_av_textblock  el_before_av_textblock '><h4 class='av-special-heading-tag '  itemprop=\"headline\"  >Konfliktmoderation<\/h4><div class=\"special-heading-border\"><div class=\"special-heading-inner-border\"><\/div><\/div><\/div><br \/>\n<section  class='av_textblock_section av-jlhtnvx9-670529d5c32ce7d4bffee80247d62df5 '   itemscope=\"itemscope\" itemtype=\"https:\/\/schema.org\/CreativeWork\" ><div class='avia_textblock'  itemprop=\"text\" ><p>Als Moderatoren k\u00fcmmern wir uns bei interpersonalen Konflikten um ein besseres gegenseitiges Verst\u00e4ndnis und die Vereinbarung einer tragf\u00e4higen Basis verbesserter Zusammenarbeit (ggfs. einschlie\u00dflich einer entsprechenden schriftlichen Fixierung) der Konfliktparteien.<\/p>\n<\/div><\/section><br \/>\n<div  class='hr av-onfs-5adf423f80d0a73d5adaeba0c6d8297d hr-default  avia-builder-el-12  el_after_av_textblock  el_before_av_textblock '><span class='hr-inner '><span class=\"hr-inner-style\"><\/span><\/span><\/div><br \/>\n<section  class='av_textblock_section av-jm7mwwos-c4d8f98fd50c03d7c3043733105c55a1 '   itemscope=\"itemscope\" itemtype=\"https:\/\/schema.org\/CreativeWork\" ><div class='avia_textblock'  itemprop=\"text\" ><p class=\"p1\">Unsere Dienstleistung ist immer eine individuell auf die Kundensituation zugeschnittene. Vereinbaren Sie mit uns einen Termin, damit wir im Gespr\u00e4ch Ihre Erwartungen und unsere Unterst\u00fctzungsm\u00f6glichkeiten kl\u00e4ren k\u00f6nnen. Danach unterbreiten wir Ihnen gern ein verbindliches Angebot.<\/p>\n<p class=\"p1\">Unsere Ansprechpartner sind \u00fcblicherweise<\/p>\n<ul class=\"ul1\">\n<li class=\"li1\">Einzelpersonen, die f\u00fcr sich selbst eine Beratungsleistung anfragen <span class=\"s1\"><br \/>\n<\/span>oder<\/li>\n<li class=\"li1\">Gesch\u00e4ftsf\u00fchrungen\/Personalabteilungen, die f\u00fcr ihre Organisation eine<span class=\"Apple-converted-space\">\u00a0 <\/span>Beratungsleistung anfragen.<\/li>\n<\/ul>\n<p class=\"p1\">Wenn Sie uns <a href=\"https:\/\/rhj-institut.de\/rhj\/terminvereinbarung\/\">eine E-Mail<\/a> mit einem kurzen Hinweis auf Ihr Anliegen zukommen lassen, melden wir uns umgehend bei Ihnen.<\/p>\n<\/div><\/section><\/p><\/div>\n","protected":false},"excerpt":{"rendered":"","protected":false},"author":1,"featured_media":0,"parent":0,"menu_order":0,"comment_status":"closed","ping_status":"closed","template":"","meta":{"footnotes":""},"class_list":["post-20","page","type-page","status-publish","hentry"],"yoast_head":"<!-- This site is optimized with the Yoast SEO plugin v27.1.1 - https:\/\/yoast.com\/product\/yoast-seo-wordpress\/ -->\n<title>UNSERE LEISTUNGEN - rhj-Institut<\/title>\n<meta name=\"description\" content=\"Unsere Leistungen - F\u00fcr die Professionalit\u00e4t unserer Beratung ist unerheblich, ob Sie als Top Manager an der Spitze eine Organisation stehen ...\" \/>\n<meta name=\"robots\" content=\"index, follow, max-snippet:-1, max-image-preview:large, max-video-preview:-1\" \/>\n<link rel=\"canonical\" href=\"https:\/\/rhj-institut.de\/rhj\/unsere-leistungen\/\" \/>\n<meta property=\"og:locale\" content=\"de_DE\" \/>\n<meta property=\"og:type\" content=\"article\" \/>\n<meta property=\"og:title\" content=\"UNSERE LEISTUNGEN - rhj-Institut\" \/>\n<meta property=\"og:description\" content=\"Unsere Leistungen - F\u00fcr die Professionalit\u00e4t unserer Beratung ist unerheblich, ob Sie als Top Manager an der Spitze eine Organisation stehen ...\" \/>\n<meta property=\"og:url\" content=\"https:\/\/rhj-institut.de\/rhj\/unsere-leistungen\/\" \/>\n<meta property=\"og:site_name\" content=\"rhj-Institut\" \/>\n<meta property=\"article:modified_time\" content=\"2025-11-17T07:54:47+00:00\" \/>\n<meta name=\"twitter:card\" content=\"summary_large_image\" \/>\n<meta name=\"twitter:label1\" content=\"Gesch\u00e4tzte Lesezeit\" \/>\n\t<meta name=\"twitter:data1\" content=\"3\u00a0Minuten\" \/>\n<script type=\"application\/ld+json\" class=\"yoast-schema-graph\">{\"@context\":\"https:\/\/schema.org\",\"@graph\":[{\"@type\":\"WebPage\",\"@id\":\"https:\/\/rhj-institut.de\/rhj\/unsere-leistungen\/\",\"url\":\"https:\/\/rhj-institut.de\/rhj\/unsere-leistungen\/\",\"name\":\"UNSERE LEISTUNGEN - rhj-Institut\",\"isPartOf\":{\"@id\":\"https:\/\/rhj-institut.de\/rhj\/#website\"},\"datePublished\":\"2018-08-05T08:51:36+00:00\",\"dateModified\":\"2025-11-17T07:54:47+00:00\",\"description\":\"Unsere Leistungen - F\u00fcr die Professionalit\u00e4t unserer Beratung ist unerheblich, ob Sie als Top Manager an der Spitze eine Organisation stehen ...\",\"breadcrumb\":{\"@id\":\"https:\/\/rhj-institut.de\/rhj\/unsere-leistungen\/#breadcrumb\"},\"inLanguage\":\"de\",\"potentialAction\":[{\"@type\":\"ReadAction\",\"target\":[\"https:\/\/rhj-institut.de\/rhj\/unsere-leistungen\/\"]}]},{\"@type\":\"BreadcrumbList\",\"@id\":\"https:\/\/rhj-institut.de\/rhj\/unsere-leistungen\/#breadcrumb\",\"itemListElement\":[{\"@type\":\"ListItem\",\"position\":1,\"name\":\"Startseite\",\"item\":\"https:\/\/rhj-institut.de\/rhj\/home\/\"},{\"@type\":\"ListItem\",\"position\":2,\"name\":\"UNSERE LEISTUNGEN\"}]},{\"@type\":\"WebSite\",\"@id\":\"https:\/\/rhj-institut.de\/rhj\/#website\",\"url\":\"https:\/\/rhj-institut.de\/rhj\/\",\"name\":\"rhj-Institut\",\"description\":\"Managementberatung - Organisationsentwicklung - F\u00fchrungskr\u00e4fteentwicklung - Logotherapie und Existenzanalyse\",\"potentialAction\":[{\"@type\":\"SearchAction\",\"target\":{\"@type\":\"EntryPoint\",\"urlTemplate\":\"https:\/\/rhj-institut.de\/rhj\/?s={search_term_string}\"},\"query-input\":{\"@type\":\"PropertyValueSpecification\",\"valueRequired\":true,\"valueName\":\"search_term_string\"}}],\"inLanguage\":\"de\"}]}<\/script>\n<!-- \/ Yoast SEO plugin. -->","yoast_head_json":{"title":"UNSERE LEISTUNGEN - rhj-Institut","description":"Unsere Leistungen - F\u00fcr die Professionalit\u00e4t unserer Beratung ist unerheblich, ob Sie als Top Manager an der Spitze eine Organisation stehen ...","robots":{"index":"index","follow":"follow","max-snippet":"max-snippet:-1","max-image-preview":"max-image-preview:large","max-video-preview":"max-video-preview:-1"},"canonical":"https:\/\/rhj-institut.de\/rhj\/unsere-leistungen\/","og_locale":"de_DE","og_type":"article","og_title":"UNSERE LEISTUNGEN - rhj-Institut","og_description":"Unsere Leistungen - F\u00fcr die Professionalit\u00e4t unserer Beratung ist unerheblich, ob Sie als Top Manager an der Spitze eine Organisation stehen ...","og_url":"https:\/\/rhj-institut.de\/rhj\/unsere-leistungen\/","og_site_name":"rhj-Institut","article_modified_time":"2025-11-17T07:54:47+00:00","twitter_card":"summary_large_image","twitter_misc":{"Gesch\u00e4tzte Lesezeit":"3\u00a0Minuten"},"schema":{"@context":"https:\/\/schema.org","@graph":[{"@type":"WebPage","@id":"https:\/\/rhj-institut.de\/rhj\/unsere-leistungen\/","url":"https:\/\/rhj-institut.de\/rhj\/unsere-leistungen\/","name":"UNSERE LEISTUNGEN - rhj-Institut","isPartOf":{"@id":"https:\/\/rhj-institut.de\/rhj\/#website"},"datePublished":"2018-08-05T08:51:36+00:00","dateModified":"2025-11-17T07:54:47+00:00","description":"Unsere Leistungen - F\u00fcr die Professionalit\u00e4t unserer Beratung ist unerheblich, ob Sie als Top Manager an der Spitze eine Organisation stehen ...","breadcrumb":{"@id":"https:\/\/rhj-institut.de\/rhj\/unsere-leistungen\/#breadcrumb"},"inLanguage":"de","potentialAction":[{"@type":"ReadAction","target":["https:\/\/rhj-institut.de\/rhj\/unsere-leistungen\/"]}]},{"@type":"BreadcrumbList","@id":"https:\/\/rhj-institut.de\/rhj\/unsere-leistungen\/#breadcrumb","itemListElement":[{"@type":"ListItem","position":1,"name":"Startseite","item":"https:\/\/rhj-institut.de\/rhj\/home\/"},{"@type":"ListItem","position":2,"name":"UNSERE LEISTUNGEN"}]},{"@type":"WebSite","@id":"https:\/\/rhj-institut.de\/rhj\/#website","url":"https:\/\/rhj-institut.de\/rhj\/","name":"rhj-Institut","description":"Managementberatung - Organisationsentwicklung - F\u00fchrungskr\u00e4fteentwicklung - Logotherapie und Existenzanalyse","potentialAction":[{"@type":"SearchAction","target":{"@type":"EntryPoint","urlTemplate":"https:\/\/rhj-institut.de\/rhj\/?s={search_term_string}"},"query-input":{"@type":"PropertyValueSpecification","valueRequired":true,"valueName":"search_term_string"}}],"inLanguage":"de"}]}},"_links":{"self":[{"href":"https:\/\/rhj-institut.de\/rhj\/wp-json\/wp\/v2\/pages\/20","targetHints":{"allow":["GET"]}}],"collection":[{"href":"https:\/\/rhj-institut.de\/rhj\/wp-json\/wp\/v2\/pages"}],"about":[{"href":"https:\/\/rhj-institut.de\/rhj\/wp-json\/wp\/v2\/types\/page"}],"author":[{"embeddable":true,"href":"https:\/\/rhj-institut.de\/rhj\/wp-json\/wp\/v2\/users\/1"}],"replies":[{"embeddable":true,"href":"https:\/\/rhj-institut.de\/rhj\/wp-json\/wp\/v2\/comments?post=20"}],"version-history":[{"count":38,"href":"https:\/\/rhj-institut.de\/rhj\/wp-json\/wp\/v2\/pages\/20\/revisions"}],"predecessor-version":[{"id":702,"href":"https:\/\/rhj-institut.de\/rhj\/wp-json\/wp\/v2\/pages\/20\/revisions\/702"}],"wp:attachment":[{"href":"https:\/\/rhj-institut.de\/rhj\/wp-json\/wp\/v2\/media?parent=20"}],"curies":[{"name":"wp","href":"https:\/\/api.w.org\/{rel}","templated":true}]}}