{"id":18,"date":"2018-08-05T10:51:19","date_gmt":"2018-08-05T08:51:19","guid":{"rendered":"http:\/\/www.rhj-institut.de\/rhj\/?page_id=18"},"modified":"2025-11-17T09:14:22","modified_gmt":"2025-11-17T08:14:22","slug":"ueber-uns","status":"publish","type":"page","link":"https:\/\/rhj-institut.de\/rhj\/ueber-uns\/","title":{"rendered":"\u00dcBER UNS"},"content":{"rendered":"\n<style type=\"text\/css\" data-created_by=\"avia_inline_auto\" id=\"style-css-av-jkh3fas7-0bd80442768a4fd95de6bba44cb228bc\">\n.avia-image-container.av-jkh3fas7-0bd80442768a4fd95de6bba44cb228bc img.avia_image{\nbox-shadow:none;\n}\n.avia-image-container.av-jkh3fas7-0bd80442768a4fd95de6bba44cb228bc .av-image-caption-overlay-center{\ncolor:#ffffff;\n}\n<\/style>\n<div  class='avia-image-container av-jkh3fas7-0bd80442768a4fd95de6bba44cb228bc av-styling- avia-align-center  avia-builder-el-0  el_before_av_heading  avia-builder-el-first '   itemprop=\"image\" itemscope=\"itemscope\" itemtype=\"https:\/\/schema.org\/ImageObject\" ><div class=\"avia-image-container-inner\"><div class=\"avia-image-overlay-wrap\"><img decoding=\"async\" fetchpriority=\"high\" class='wp-image-147 avia-img-lazy-loading-not-147 avia_image ' src=\"https:\/\/rhj-institut.de\/rhj\/wp-content\/uploads\/2018\/09\/unser-institut.jpg\" alt='' title='Institut'  height=\"500\" width=\"1600\"  itemprop=\"thumbnailUrl\" srcset=\"https:\/\/rhj-institut.de\/rhj\/wp-content\/uploads\/2018\/09\/unser-institut.jpg 1600w, https:\/\/rhj-institut.de\/rhj\/wp-content\/uploads\/2018\/09\/unser-institut-300x94.jpg 300w, https:\/\/rhj-institut.de\/rhj\/wp-content\/uploads\/2018\/09\/unser-institut-768x240.jpg 768w, https:\/\/rhj-institut.de\/rhj\/wp-content\/uploads\/2018\/09\/unser-institut-1030x322.jpg 1030w, https:\/\/rhj-institut.de\/rhj\/wp-content\/uploads\/2018\/09\/unser-institut-1500x469.jpg 1500w, https:\/\/rhj-institut.de\/rhj\/wp-content\/uploads\/2018\/09\/unser-institut-705x220.jpg 705w, https:\/\/rhj-institut.de\/rhj\/wp-content\/uploads\/2018\/09\/unser-institut-450x141.jpg 450w\" sizes=\"(max-width: 1600px) 100vw, 1600px\" \/><\/div><\/div><\/div>\n\n<style type=\"text\/css\" data-created_by=\"avia_inline_auto\" id=\"style-css-av-o702-a309ec690e929c5a42b7d267e8afb95b\">\n#top .av-special-heading.av-o702-a309ec690e929c5a42b7d267e8afb95b{\npadding-bottom:10px;\n}\nbody .av-special-heading.av-o702-a309ec690e929c5a42b7d267e8afb95b .av-special-heading-tag .heading-char{\nfont-size:25px;\n}\n.av-special-heading.av-o702-a309ec690e929c5a42b7d267e8afb95b .av-subheading{\nfont-size:15px;\n}\n<\/style>\n<div  class='av-special-heading av-o702-a309ec690e929c5a42b7d267e8afb95b av-special-heading-h3  avia-builder-el-1  el_after_av_image  el_before_av_three_fourth '><h3 class='av-special-heading-tag '  itemprop=\"headline\"  >Unser Institut<\/h3><div class=\"special-heading-border\"><div class=\"special-heading-inner-border\"><\/div><\/div><\/div>\n\n<style type=\"text\/css\" data-created_by=\"avia_inline_auto\" id=\"style-css-av-wdda-e5551650f784477a4151c8960b137488\">\n.flex_column.av-wdda-e5551650f784477a4151c8960b137488{\nborder-radius:0px 0px 0px 0px;\npadding:0px 0px 0px 0px;\n}\n<\/style>\n<div  class='flex_column av-wdda-e5551650f784477a4151c8960b137488 av_three_fourth  avia-builder-el-2  el_after_av_heading  avia-builder-el-last  first flex_column_div av-zero-column-padding  '     ><section  class='av_textblock_section av-jkh3hocl-db381eda30a6be4ee27cd45d71829ed1 '   itemscope=\"itemscope\" itemtype=\"https:\/\/schema.org\/CreativeWork\" ><div class='avia_textblock'  itemprop=\"text\" ><p class=\"p1\">Seit der Institutsgr\u00fcndung im Jahr 2006 haben wir in vielen tausend Beratungsgespr\u00e4chen, in Seminaren und in Entwicklungswerkst\u00e4tten unsere Kunden auf herausfordernden Wegstrecken begleitet.<\/p>\n<p class=\"p1\">Uns leitet dabei die \u00dcberzeugung, dass jeder Mensch vor allem das Gef\u00fchl haben m\u00f6chte, sinnvoll t\u00e4tig zu sein. Sinnvolles T\u00e4tigsein hei\u00dft, wertvolle Antworten auf berufliche oder private Herausforderungen zu finden. Darum k\u00fcmmern wir uns mit hoher Motivation: unsere Kunden dabei zu unterst\u00fctzten, wertvolle Antworten auf die vor ihnen liegenden Herausforderungen zu finden.<\/p>\n<p class=\"p1\">Deshalb schauen wir mit unseren Kunden auf ihre inneren Ressourcen f\u00fcr starke und authentische Antworten. Unterst\u00fctzend verkn\u00fcpfen wir die Nutzung der Ressourcen mit dem Einsatz passender Werkzeuge oder Instrumente.<\/p>\n<p class=\"p1\">Die fachlichen St\u00fctzpfeiler unserer Beratungst\u00e4tigkeit sind die Qualifizierung f\u00fcr entwicklungsorientierte Beratung, langj\u00e4hrige Praxiserfahrung und<span class=\"Apple-converted-space\">\u00a0 <\/span>eigene wissenschaftliche T\u00e4tigkeit.<\/p>\n<\/div><\/section><\/div>\n","protected":false},"excerpt":{"rendered":"","protected":false},"author":1,"featured_media":0,"parent":0,"menu_order":0,"comment_status":"closed","ping_status":"closed","template":"","meta":{"footnotes":""},"class_list":["post-18","page","type-page","status-publish","hentry"],"yoast_head":"<!-- This site is optimized with the Yoast SEO plugin v27.1.1 - https:\/\/yoast.com\/product\/yoast-seo-wordpress\/ -->\n<title>\u00dcBER UNS - rhj-Institut<\/title>\n<meta name=\"description\" content=\"Seit der Institut Gr\u00fcndung im Jahr 2006 haben wir in vielen tausend Beratungsgespr\u00e4chen, in Seminaren und in Entwicklungswerkst\u00e4tten unsere Kunden ...\" \/>\n<meta name=\"robots\" content=\"index, follow, max-snippet:-1, max-image-preview:large, max-video-preview:-1\" \/>\n<link rel=\"canonical\" href=\"https:\/\/rhj-institut.de\/rhj\/ueber-uns\/\" \/>\n<meta property=\"og:locale\" content=\"de_DE\" \/>\n<meta property=\"og:type\" content=\"article\" \/>\n<meta property=\"og:title\" content=\"\u00dcBER UNS - rhj-Institut\" \/>\n<meta property=\"og:description\" content=\"Seit der Institut Gr\u00fcndung im Jahr 2006 haben wir in vielen tausend Beratungsgespr\u00e4chen, in Seminaren und in Entwicklungswerkst\u00e4tten unsere Kunden ...\" \/>\n<meta property=\"og:url\" content=\"https:\/\/rhj-institut.de\/rhj\/ueber-uns\/\" \/>\n<meta property=\"og:site_name\" content=\"rhj-Institut\" \/>\n<meta property=\"article:modified_time\" content=\"2025-11-17T08:14:22+00:00\" \/>\n<meta name=\"twitter:card\" content=\"summary_large_image\" \/>\n<meta name=\"twitter:label1\" content=\"Gesch\u00e4tzte Lesezeit\" \/>\n\t<meta name=\"twitter:data1\" content=\"1\u00a0Minute\" \/>\n<script type=\"application\/ld+json\" class=\"yoast-schema-graph\">{\"@context\":\"https:\/\/schema.org\",\"@graph\":[{\"@type\":\"WebPage\",\"@id\":\"https:\/\/rhj-institut.de\/rhj\/ueber-uns\/\",\"url\":\"https:\/\/rhj-institut.de\/rhj\/ueber-uns\/\",\"name\":\"\u00dcBER UNS - rhj-Institut\",\"isPartOf\":{\"@id\":\"https:\/\/rhj-institut.de\/rhj\/#website\"},\"datePublished\":\"2018-08-05T08:51:19+00:00\",\"dateModified\":\"2025-11-17T08:14:22+00:00\",\"description\":\"Seit der Institut Gr\u00fcndung im Jahr 2006 haben wir in vielen tausend Beratungsgespr\u00e4chen, in Seminaren und in Entwicklungswerkst\u00e4tten unsere Kunden ...\",\"breadcrumb\":{\"@id\":\"https:\/\/rhj-institut.de\/rhj\/ueber-uns\/#breadcrumb\"},\"inLanguage\":\"de\",\"potentialAction\":[{\"@type\":\"ReadAction\",\"target\":[\"https:\/\/rhj-institut.de\/rhj\/ueber-uns\/\"]}]},{\"@type\":\"BreadcrumbList\",\"@id\":\"https:\/\/rhj-institut.de\/rhj\/ueber-uns\/#breadcrumb\",\"itemListElement\":[{\"@type\":\"ListItem\",\"position\":1,\"name\":\"Startseite\",\"item\":\"https:\/\/rhj-institut.de\/rhj\/home\/\"},{\"@type\":\"ListItem\",\"position\":2,\"name\":\"\u00dcBER UNS\"}]},{\"@type\":\"WebSite\",\"@id\":\"https:\/\/rhj-institut.de\/rhj\/#website\",\"url\":\"https:\/\/rhj-institut.de\/rhj\/\",\"name\":\"rhj-Institut\",\"description\":\"Managementberatung - Organisationsentwicklung - F\u00fchrungskr\u00e4fteentwicklung - Logotherapie und Existenzanalyse\",\"potentialAction\":[{\"@type\":\"SearchAction\",\"target\":{\"@type\":\"EntryPoint\",\"urlTemplate\":\"https:\/\/rhj-institut.de\/rhj\/?s={search_term_string}\"},\"query-input\":{\"@type\":\"PropertyValueSpecification\",\"valueRequired\":true,\"valueName\":\"search_term_string\"}}],\"inLanguage\":\"de\"}]}<\/script>\n<!-- \/ Yoast SEO plugin. -->","yoast_head_json":{"title":"\u00dcBER UNS - rhj-Institut","description":"Seit der Institut Gr\u00fcndung im Jahr 2006 haben wir in vielen tausend Beratungsgespr\u00e4chen, in Seminaren und in Entwicklungswerkst\u00e4tten unsere Kunden ...","robots":{"index":"index","follow":"follow","max-snippet":"max-snippet:-1","max-image-preview":"max-image-preview:large","max-video-preview":"max-video-preview:-1"},"canonical":"https:\/\/rhj-institut.de\/rhj\/ueber-uns\/","og_locale":"de_DE","og_type":"article","og_title":"\u00dcBER UNS - rhj-Institut","og_description":"Seit der Institut Gr\u00fcndung im Jahr 2006 haben wir in vielen tausend Beratungsgespr\u00e4chen, in Seminaren und in Entwicklungswerkst\u00e4tten unsere Kunden ...","og_url":"https:\/\/rhj-institut.de\/rhj\/ueber-uns\/","og_site_name":"rhj-Institut","article_modified_time":"2025-11-17T08:14:22+00:00","twitter_card":"summary_large_image","twitter_misc":{"Gesch\u00e4tzte Lesezeit":"1\u00a0Minute"},"schema":{"@context":"https:\/\/schema.org","@graph":[{"@type":"WebPage","@id":"https:\/\/rhj-institut.de\/rhj\/ueber-uns\/","url":"https:\/\/rhj-institut.de\/rhj\/ueber-uns\/","name":"\u00dcBER UNS - rhj-Institut","isPartOf":{"@id":"https:\/\/rhj-institut.de\/rhj\/#website"},"datePublished":"2018-08-05T08:51:19+00:00","dateModified":"2025-11-17T08:14:22+00:00","description":"Seit der Institut Gr\u00fcndung im Jahr 2006 haben wir in vielen tausend Beratungsgespr\u00e4chen, in Seminaren und in Entwicklungswerkst\u00e4tten unsere Kunden ...","breadcrumb":{"@id":"https:\/\/rhj-institut.de\/rhj\/ueber-uns\/#breadcrumb"},"inLanguage":"de","potentialAction":[{"@type":"ReadAction","target":["https:\/\/rhj-institut.de\/rhj\/ueber-uns\/"]}]},{"@type":"BreadcrumbList","@id":"https:\/\/rhj-institut.de\/rhj\/ueber-uns\/#breadcrumb","itemListElement":[{"@type":"ListItem","position":1,"name":"Startseite","item":"https:\/\/rhj-institut.de\/rhj\/home\/"},{"@type":"ListItem","position":2,"name":"\u00dcBER UNS"}]},{"@type":"WebSite","@id":"https:\/\/rhj-institut.de\/rhj\/#website","url":"https:\/\/rhj-institut.de\/rhj\/","name":"rhj-Institut","description":"Managementberatung - Organisationsentwicklung - F\u00fchrungskr\u00e4fteentwicklung - Logotherapie und Existenzanalyse","potentialAction":[{"@type":"SearchAction","target":{"@type":"EntryPoint","urlTemplate":"https:\/\/rhj-institut.de\/rhj\/?s={search_term_string}"},"query-input":{"@type":"PropertyValueSpecification","valueRequired":true,"valueName":"search_term_string"}}],"inLanguage":"de"}]}},"_links":{"self":[{"href":"https:\/\/rhj-institut.de\/rhj\/wp-json\/wp\/v2\/pages\/18","targetHints":{"allow":["GET"]}}],"collection":[{"href":"https:\/\/rhj-institut.de\/rhj\/wp-json\/wp\/v2\/pages"}],"about":[{"href":"https:\/\/rhj-institut.de\/rhj\/wp-json\/wp\/v2\/types\/page"}],"author":[{"embeddable":true,"href":"https:\/\/rhj-institut.de\/rhj\/wp-json\/wp\/v2\/users\/1"}],"replies":[{"embeddable":true,"href":"https:\/\/rhj-institut.de\/rhj\/wp-json\/wp\/v2\/comments?post=18"}],"version-history":[{"count":14,"href":"https:\/\/rhj-institut.de\/rhj\/wp-json\/wp\/v2\/pages\/18\/revisions"}],"predecessor-version":[{"id":711,"href":"https:\/\/rhj-institut.de\/rhj\/wp-json\/wp\/v2\/pages\/18\/revisions\/711"}],"wp:attachment":[{"href":"https:\/\/rhj-institut.de\/rhj\/wp-json\/wp\/v2\/media?parent=18"}],"curies":[{"name":"wp","href":"https:\/\/api.w.org\/{rel}","templated":true}]}}